{"id":16,"date":"2018-08-27T00:26:19","date_gmt":"2018-08-26T22:26:19","guid":{"rendered":"http:\/\/www.estybel.fr\/?page_id=16"},"modified":"2021-10-18T22:22:02","modified_gmt":"2021-10-18T20:22:02","slug":"soins","status":"publish","type":"page","link":"http:\/\/www.estybel.fr\/index.php\/soins\/","title":{"rendered":"Soins"},"content":{"rendered":"<p>[vc_row][vc_column][vc_separator][\/vc_column][\/vc_row][vc_row content_placement=\u00a0\u00bbmiddle\u00a0\u00bb][vc_column][\/vc_column][\/vc_row][vc_row][vc_column][vc_separator][vc_column_text]<\/p>\n<h1 style=\"text-align: center;\">Fascia-Bio-Energ\u00e9tique<\/h1>\n<p>[\/vc_column_text][vc_column_text]<\/p>\n<p style=\"text-align: center;\"><strong>Une th\u00e9rapie manuelle qui permet de r\u00e9\u00e9quilibrer le corps <\/strong><\/p>\n<p>&nbsp;<\/p>\n<p style=\"text-align: center;\"><strong>S\u00e9ance Adulte\u00a0 <\/strong><span style=\"display: inline !important; float: none; background-color: transparent; color: #333333; cursor: text; font-family: Georgia,'Times New Roman','Bitstream Charter',Times,serif; font-size: 16px; font-style: normal; font-variant: normal; font-weight: 400; letter-spacing: normal; orphans: 2; text-align: left; text-decoration: none; text-indent: 0px; text-transform: none; -webkit-text-stroke-width: 0px; white-space: normal; word-spacing: 0px;\">\u25ba <\/span><strong>1h \u00e0 1h30 \/ 50\u20ac<\/strong><\/p>\n<p>&nbsp;<\/p>\n<p style=\"text-align: center;\"><strong>S\u00e9ance Enfant\u00a0 <\/strong><span style=\"display: inline !important; float: none; background-color: transparent; color: #333333; cursor: text; font-family: Georgia,'Times New Roman','Bitstream Charter',Times,serif; font-size: 16px; font-style: normal; font-variant: normal; font-weight: 400; letter-spacing: normal; orphans: 2; text-align: left; text-decoration: none; text-indent: 0px; text-transform: none; -webkit-text-stroke-width: 0px; white-space: normal; word-spacing: 0px;\">\u25ba <\/span><strong>environ 45 min \/30\u20ac<\/strong><\/p>\n<p>\u00a0[\/vc_column_text][vc_separator][vc_column_text]<\/p>\n<p style=\"text-align: center;\"><strong>Moyens de paiement par ch\u00e8que ou esp\u00e8ces uniquement<\/strong><\/p>\n<p style=\"text-align: center;\"><strong>Merci d\u2019arriver 10 minutes avant l\u2019heure convenue.<\/strong><\/p>\n<p style=\"text-align: center;\"><strong>En cas d\u2019annulation d\u2019un rendez vous, merci de pr\u00e9venir au moins 24h \u00e0 l\u2019avance.<\/strong><\/p>\n<p style=\"text-align: center;\"><strong>En cas de retard, le temps de prestation sera diminu\u00e9 pour ne p\u00e9naliser personne.<\/strong><\/p>\n<p style=\"text-align: center;\"><strong>Toutes les prestations sont exclusivement sur rendez-vous.<\/strong><\/p>\n<p>[\/vc_column_text][\/vc_column][\/vc_row]<\/p>\n","protected":false},"excerpt":{"rendered":"<p>[vc_row][vc_column][vc_separator][\/vc_column][\/vc_row][vc_row content_placement=\u00a0\u00bbmiddle\u00a0\u00bb][vc_column][\/vc_column][\/vc_row][vc_row][vc_column][vc_separator][vc_column_text] Fascia-Bio-Energ\u00e9tique [\/vc_column_text][vc_column_text] Une th\u00e9rapie manuelle qui permet de r\u00e9\u00e9quilibrer le corps &nbsp; S\u00e9ance Adulte\u00a0 \u25ba 1h \u00e0 1h30 \/ 50\u20ac &nbsp; S\u00e9ance Enfant\u00a0 \u25ba environ 45 min \/30\u20ac \u00a0[\/vc_column_text][vc_separator][vc_column_text] Moyens de paiement par ch\u00e8que ou esp\u00e8ces uniquement Merci d\u2019arriver 10 minutes avant l\u2019heure convenue. En cas d\u2019annulation d\u2019un rendez vous, merci de pr\u00e9venir au moins 24h \u00e0 l\u2019avance. En cas de retard, le temps de prestation sera diminu\u00e9 pour ne p\u00e9naliser personne. Toutes les prestations sont exclusivement sur rendez-vous. [\/vc_column_text][\/vc_column][\/vc_row]<\/p>\n","protected":false},"author":1,"featured_media":0,"parent":0,"menu_order":0,"comment_status":"closed","ping_status":"closed","template":"","meta":{"footnotes":""},"_links":{"self":[{"href":"http:\/\/www.estybel.fr\/index.php\/wp-json\/wp\/v2\/pages\/16"}],"collection":[{"href":"http:\/\/www.estybel.fr\/index.php\/wp-json\/wp\/v2\/pages"}],"about":[{"href":"http:\/\/www.estybel.fr\/index.php\/wp-json\/wp\/v2\/types\/page"}],"author":[{"embeddable":true,"href":"http:\/\/www.estybel.fr\/index.php\/wp-json\/wp\/v2\/users\/1"}],"replies":[{"embeddable":true,"href":"http:\/\/www.estybel.fr\/index.php\/wp-json\/wp\/v2\/comments?post=16"}],"version-history":[{"count":137,"href":"http:\/\/www.estybel.fr\/index.php\/wp-json\/wp\/v2\/pages\/16\/revisions"}],"predecessor-version":[{"id":880,"href":"http:\/\/www.estybel.fr\/index.php\/wp-json\/wp\/v2\/pages\/16\/revisions\/880"}],"wp:attachment":[{"href":"http:\/\/www.estybel.fr\/index.php\/wp-json\/wp\/v2\/media?parent=16"}],"curies":[{"name":"wp","href":"https:\/\/api.w.org\/{rel}","templated":true}]}}